{"id":108,"date":"2017-08-23T19:52:07","date_gmt":"2017-08-23T19:52:07","guid":{"rendered":"https:\/\/www.thethirdrootmovie.com\/test\/?page_id=108"},"modified":"2022-04-18T01:48:43","modified_gmt":"2022-04-18T01:48:43","slug":"creators","status":"publish","type":"page","link":"https:\/\/thethirdrootmovie.com\/en\/creators\/","title":{"rendered":"CREATORS"},"content":{"rendered":"<div id=\"pl-108\"  class=\"panel-layout\" ><div id=\"pg-108-0\"  class=\"panel-grid panel-no-style\" ><div id=\"pgc-108-0-0\"  class=\"panel-grid-cell\" ><div id=\"panel-108-0-0-0\" class=\"so-panel widget widget_siteorigin-panels-builder panel-first-child panel-last-child\" data-index=\"0\" ><div id=\"pl-w625cc37b88291\"  class=\"panel-layout\" ><div id=\"pg-w625cc37b88291-0\"  class=\"panel-grid panel-no-style\" ><div id=\"pgc-w625cc37b88291-0-0\"  class=\"panel-grid-cell\" ><div id=\"panel-w625cc37b88291-0-0-0\" class=\"so-panel widget widget_media_image panel-first-child panel-last-child\" data-index=\"0\" ><img loading=\"lazy\" decoding=\"async\" width=\"713\" height=\"225\" src=\"https:\/\/thethirdrootmovie.com\/wp-content\/uploads\/2022\/04\/reed-13.jpg\" class=\"image wp-image-741  attachment-full size-full\" alt=\"\" style=\"max-width: 100%; height: auto;\" srcset=\"https:\/\/thethirdrootmovie.com\/wp-content\/uploads\/2022\/04\/reed-13.jpg 713w, https:\/\/thethirdrootmovie.com\/wp-content\/uploads\/2022\/04\/reed-13-620x196.jpg 620w\" sizes=\"auto, (max-width: 713px) 100vw, 713px\" \/><\/div><\/div><\/div><div id=\"pg-w625cc37b88291-1\"  class=\"panel-grid panel-no-style\" ><div id=\"pgc-w625cc37b88291-1-0\"  class=\"panel-grid-cell\" ><div id=\"panel-w625cc37b88291-1-0-0\" class=\"so-panel widget widget_text panel-first-child panel-last-child\" data-index=\"1\" >\t\t\t<div class=\"textwidget\"><p><strong>REED RICKERT &#8211; Producer, Director, Cinemotagrapher<\/strong><\/p>\n<p class=\"first\">Reed is an award winning documentary filmmaker, who has produced, directed, photographed and edited various documentaries, TV programs and branding films worldwide.<\/p>\n<p>Reed is a two time finalist for National Geographic\u2019s Wild To Inspire Short Film Competition and in 2019 he won with his film<span class=\"s1\">\u00a0<a href=\"http:\/\/www.reedrickert.com\/video\/the-flip\/\"><i>The Flip<\/i><\/a><\/span>, which premiered at Sun Valley Film Festival and was Official Selection at Banff Mountain Film Festival &amp; World Tour, Kendal Mountain Film Festival, Boulder International Film Festival, Telluride Mountainfilm Festival, San Jose International Film Festival, BendFilm Festival and more.<\/p>\n<p>He was recipient of the National Geographic Filmmakers Grant to produce his most recent film <em><a href=\"http:\/\/www.reedrickert.com\/video\/goldenpath\/\">Pacha Kuti: The Golden Path<\/a>.<\/em><\/p>\n<p>He was cinematographer on the Amazon Prime series <a href=\"http:\/\/www.reedrickert.com\/2020\/09\/04\/pan-y-circo-season-1-starring-diego-luna-now-on-amazon-prime\/\">Pan y Circo<\/a> starring <a href=\"http:\/\/www.reedrickert.com\/2020\/09\/04\/pan-y-circo-season-1-starring-diego-luna-now-on-amazon-prime\/\">Diego Luna<\/a> as well as the Grammy winning music documentary <a href=\"https:\/\/www.imdb.com\/title\/tt4708546\/?ref_=ra_sb_ln\">El Objeto Antes Llamado El Disco, La Pelicula<\/a>, a film that follows legendary Mexican rock band <a href=\"https:\/\/tacvba.com.mx\/\">Cafe Tacvba<\/a>.<\/p>\n<p>In 2009, he won the Latino Public Broadcasting Open Call Award to make his first feature documentary, <span class=\"s1\"> <em>The Third Root<\/em>, <\/span> which had its world premiere at the <span class=\"s1\"><a href=\"https:\/\/www.ficg.mx\/catalogo31\/#278\"><span class=\"s2\">Guadalajara International Film Festival<\/span><\/a>.<\/span><\/p>\n<p class=\"p1\"><span class=\"s1\">Reed was a Division I soccer player for University of Maryland where he began studies in Anthropology before graduating from California College of the Arts in Oakland, CA with a BFA in Film \/ Video. He is the founder of <a href=\"http:\/\/bumifilms.com\/\">Bumi Films<\/a>, a full service multimedia production company.<\/span><\/p>\n<p class=\"p1\"><span class=\"s1\">As an avid rock climber and explorer Reed is drawn to stories in adventure sports, music, and nature and cultural conservation.<\/span><\/p>\n<p>Check out Reed Rickert on\u00a0<a href=\"http:\/\/www.imdb.com\/name\/nm3430563\/?ref_=tt_ov_dr\">Imdb<\/a>.<\/p>\n<p><a href=\"http:\/\/www.reedrickert.com\/\">reedrickert.com<\/a><\/p>\n<\/div>\n\t\t<\/div><\/div><\/div><\/div><\/div><\/div><div id=\"pgc-108-0-1\"  class=\"panel-grid-cell\" ><div id=\"panel-108-0-1-0\" class=\"so-panel widget widget_siteorigin-panels-builder panel-first-child panel-last-child\" data-index=\"1\" ><div id=\"pl-w599f531858aad\"  class=\"panel-layout\" ><div id=\"pg-w599f531858aad-0\"  class=\"panel-grid panel-no-style\" ><div id=\"pgc-w599f531858aad-0-0\"  class=\"panel-grid-cell\" ><div id=\"panel-w599f531858aad-0-0-0\" class=\"so-panel widget widget_media_image panel-first-child panel-last-child\" data-index=\"0\" ><img loading=\"lazy\" decoding=\"async\" width=\"713\" height=\"225\" src=\"https:\/\/thethirdrootmovie.com\/wp-content\/uploads\/2017\/08\/camilo.jpg\" class=\"image wp-image-245  attachment-full size-full\" alt=\"\" style=\"max-width: 100%; height: auto;\" srcset=\"https:\/\/thethirdrootmovie.com\/wp-content\/uploads\/2017\/08\/camilo.jpg 713w, https:\/\/thethirdrootmovie.com\/wp-content\/uploads\/2017\/08\/camilo-620x196.jpg 620w\" sizes=\"auto, (max-width: 713px) 100vw, 713px\" \/><\/div><\/div><\/div><div id=\"pg-w599f531858aad-1\"  class=\"panel-grid panel-no-style\" ><div id=\"pgc-w599f531858aad-1-0\"  class=\"panel-grid-cell\" ><div id=\"panel-w599f531858aad-1-0-0\" class=\"so-panel widget widget_text panel-first-child panel-last-child\" data-index=\"1\" >\t\t\t<div class=\"textwidget\"><p><strong>CAMILO NU &#8211; Producer, Director, Musical Director, Protagonist<\/strong><\/p>\n<div><span class=\"m_5251084069751407608Apple-style-span\">M\u00fasico multinstrumentista que ha colaborado con m\u00fasicos de diferentes latitudes. ha tenido la oportunidad de tocar con maestros de la m\u00fasica andalusi, Suf\u00ed, Gnaoua y Flamenco, en festivales en Marruecos, , USA, Canada, Sudamerica y Europa.\u00a0<\/span><span class=\"m_5251084069751407608Apple-style-span\">Su pasi\u00f3n por el flamenco empez\u00f3 cuando descubri\u00f3 un disco de Paco de Lucia en la biblioteca de su casa,\u00a0<\/span><span class=\"m_5251084069751407608Apple-style-span\">ese sonido lo capturo y lo mantiene siendo fiel aficionado a la guitarra flamenca, El no se auto define ni como jazzista ni como flamenco , mas bien como un expresador, nacido en la ciudad de M\u00e9xico, paso alg\u00fan tiempo en la Escuela Aut\u00f3noma de M\u00fasica Y en la orquesta sinf\u00f3nica juvenil, donde se desarrollaba como violonchelista a la edad de 14 a\u00f1os, alternando esta actividad con la guitarra fiel compa\u00f1era , su\u00a0afici\u00f3n a tocar el\u00a0bajo tambi\u00e9n lo ha llevado por escenarios del mundo ,vivi\u00f3 unos a\u00f1os en Marruecos donde estudio el toque del oud \u00a0y de la percusi\u00f3n. Como guitarrista a grabado en producciones internacionales y tocado en diveros festivales y grabaciones , con su proyecto personal ha podido conquistar audiencias, invitando a estrellas del flamenco y del jazz. A<\/span><span class=\"m_5251084069751407608Apple-style-span\">\u00a0compartido el escenario con m\u00fasicos muy diversos como Jorge Pardo (mejor jazzista de europa 2013), \u00a0Abdesalam Alikane ( Director \u00a0del festival Gnawa y musicas del mundo de essaouira) , Abderahim Amrani ( lider de la congregaci\u00f3n Sufi Amadcha de fes ) , \u00a0la Orquesta Sinf\u00f3nica de Krakow Polonia y Elliot goldentall ( compositor de cine y ganador del Oscar ), Ruben Albarr\u00e1n \u00a0(cantante de el multipremiado grupo cafe tacuba) y muchos mas..\u200b<\/span><\/div>\n<\/div>\n\t\t<\/div><\/div><\/div><\/div><\/div><\/div><\/div><\/div>","protected":false},"excerpt":{"rendered":"<p>REED RICKERT &#8211; Producer, Director, Cinemotagrapher Reed is an award winning documentary filmmaker, who has produced, directed, photographed and edited various documentaries, TV programs and branding films worldwide. Reed is a two time finalist for National Geographic\u2019s Wild To Inspire Short Film Competition and in 2019 he won with his film\u00a0The Flip, which premiered at [&hellip;]<\/p>\n","protected":false},"author":1,"featured_media":0,"parent":0,"menu_order":0,"comment_status":"closed","ping_status":"closed","template":"custom-page.php","meta":{"om_disable_all_campaigns":false,"_monsterinsights_skip_tracking":false,"_monsterinsights_sitenote_active":false,"_monsterinsights_sitenote_note":"","_monsterinsights_sitenote_category":0,"footnotes":""},"class_list":["post-108","page","type-page","status-publish","hentry"],"_links":{"self":[{"href":"https:\/\/thethirdrootmovie.com\/en\/wp-json\/wp\/v2\/pages\/108","targetHints":{"allow":["GET"]}}],"collection":[{"href":"https:\/\/thethirdrootmovie.com\/en\/wp-json\/wp\/v2\/pages"}],"about":[{"href":"https:\/\/thethirdrootmovie.com\/en\/wp-json\/wp\/v2\/types\/page"}],"author":[{"embeddable":true,"href":"https:\/\/thethirdrootmovie.com\/en\/wp-json\/wp\/v2\/users\/1"}],"replies":[{"embeddable":true,"href":"https:\/\/thethirdrootmovie.com\/en\/wp-json\/wp\/v2\/comments?post=108"}],"version-history":[{"count":6,"href":"https:\/\/thethirdrootmovie.com\/en\/wp-json\/wp\/v2\/pages\/108\/revisions"}],"predecessor-version":[{"id":745,"href":"https:\/\/thethirdrootmovie.com\/en\/wp-json\/wp\/v2\/pages\/108\/revisions\/745"}],"wp:attachment":[{"href":"https:\/\/thethirdrootmovie.com\/en\/wp-json\/wp\/v2\/media?parent=108"}],"curies":[{"name":"wp","href":"https:\/\/api.w.org\/{rel}","templated":true}]}}