{"id":44,"date":"2017-08-23T17:50:20","date_gmt":"2017-08-23T17:50:20","guid":{"rendered":"https:\/\/www.thethirdrootmovie.com\/test\/?page_id=44"},"modified":"2018-11-17T21:58:54","modified_gmt":"2018-11-17T21:58:54","slug":"about","status":"publish","type":"page","link":"https:\/\/thethirdrootmovie.com\/es\/about\/","title":{"rendered":"ACERCA"},"content":{"rendered":"<p>&nbsp;<\/p>\n<p><img loading=\"lazy\" decoding=\"async\" class=\"aligncenter wp-image-260 size-full\" src=\"https:\/\/www.thethirdrootmovie.com\/test\/wp-content\/uploads\/2017\/08\/sinopsis-1.jpg\" alt=\"\" width=\"1080\" height=\"580\" srcset=\"https:\/\/thethirdrootmovie.com\/wp-content\/uploads\/2017\/08\/sinopsis-1.jpg 1080w, https:\/\/thethirdrootmovie.com\/wp-content\/uploads\/2017\/08\/sinopsis-1-620x333.jpg 620w, https:\/\/thethirdrootmovie.com\/wp-content\/uploads\/2017\/08\/sinopsis-1-768x412.jpg 768w, https:\/\/thethirdrootmovie.com\/wp-content\/uploads\/2017\/08\/sinopsis-1-1000x537.jpg 1000w\" sizes=\"auto, (max-width: 1080px) 100vw, 1080px\" \/><\/p>\n<h4>La Tercera Ra\u00edz: buscando el origen del son jarocho<\/h4>\n<p style=\"text-align: left;\">(Documental musical largometraje, Duraci\u00f3n: 63 minutos) Camilo Nu es un talentoso m\u00fasico de ascendencia afro-mexicana que esta impulsado en un viaje musical que viajan a trav\u00e9s de M\u00e9xico, Espa\u00f1a y el norte de \u00c1frica para descubrir lo que a\u00fan pueda existir similitudes entre la m\u00fasica tradicional mexicana de Veracruz, son jarocho, la m\u00fasica del sur de Europa, y los mundos \u00e1rabe y africano.<\/p>\n<p style=\"text-align: left;\">Camilo encuentra la m\u00fasica flamenca de Espa\u00f1a, la m\u00fasica andaluza marroqu\u00ed en T\u00e1nger, la m\u00fasica bereber, la m\u00fasica gnawa subsahariana de Essaouira y Sufi m\u00fasica de Fez. Las colaboraciones musicales resultantes entre Camilo y estos m\u00fasicos ofrecen una banda sonora po\u00e9tica a la pel\u00edcula como as\u00ed como una profunda ilustraci\u00f3n de temas musicales siendo investigados.<\/p>\n<p style=\"text-align: left;\">El viaje de Camilo demuestra la riqueza que resulta de la polinizaci\u00f3n cruzada de las diferentes culturas y c\u00f3mo el lenguaje universal de la m\u00fasica tiene el poder de comunicarse m\u00e1s all\u00e1 de las palabras y las fronteras pol\u00edticas &#8211; convirti\u00e9ndose en una herramienta para la participaci\u00f3n, el intercambio y la celebraci\u00f3n del com\u00fan y la diversidad.<\/p>\n<p><\/p>","protected":false},"excerpt":{"rendered":"<p>&nbsp; La Tercera Ra\u00edz: buscando el origen del son jarocho (Documental musical largometraje, Duraci\u00f3n: 63 minutos) Camilo Nu es un talentoso m\u00fasico de ascendencia afro-mexicana que esta impulsado en un viaje musical que viajan a trav\u00e9s de M\u00e9xico, Espa\u00f1a y el norte de \u00c1frica para descubrir lo que a\u00fan pueda existir similitudes entre la m\u00fasica [&hellip;]<\/p>\n","protected":false},"author":1,"featured_media":0,"parent":0,"menu_order":0,"comment_status":"closed","ping_status":"closed","template":"","meta":{"om_disable_all_campaigns":false,"_monsterinsights_skip_tracking":false,"_monsterinsights_sitenote_active":false,"_monsterinsights_sitenote_note":"","_monsterinsights_sitenote_category":0,"footnotes":""},"class_list":["post-44","page","type-page","status-publish","hentry"],"_links":{"self":[{"href":"https:\/\/thethirdrootmovie.com\/es\/wp-json\/wp\/v2\/pages\/44","targetHints":{"allow":["GET"]}}],"collection":[{"href":"https:\/\/thethirdrootmovie.com\/es\/wp-json\/wp\/v2\/pages"}],"about":[{"href":"https:\/\/thethirdrootmovie.com\/es\/wp-json\/wp\/v2\/types\/page"}],"author":[{"embeddable":true,"href":"https:\/\/thethirdrootmovie.com\/es\/wp-json\/wp\/v2\/users\/1"}],"replies":[{"embeddable":true,"href":"https:\/\/thethirdrootmovie.com\/es\/wp-json\/wp\/v2\/comments?post=44"}],"version-history":[{"count":4,"href":"https:\/\/thethirdrootmovie.com\/es\/wp-json\/wp\/v2\/pages\/44\/revisions"}],"predecessor-version":[{"id":588,"href":"https:\/\/thethirdrootmovie.com\/es\/wp-json\/wp\/v2\/pages\/44\/revisions\/588"}],"wp:attachment":[{"href":"https:\/\/thethirdrootmovie.com\/es\/wp-json\/wp\/v2\/media?parent=44"}],"curies":[{"name":"wp","href":"https:\/\/api.w.org\/{rel}","templated":true}]}}